{"id":130,"date":"2026-04-18T15:25:16","date_gmt":"2026-04-18T15:25:16","guid":{"rendered":"https:\/\/klemmbi.ch\/blog\/?page_id=130"},"modified":"2026-04-18T15:25:18","modified_gmt":"2026-04-18T15:25:18","slug":"minifiguren","status":"publish","type":"page","link":"https:\/\/klemmbi.ch\/blog\/minifiguren\/","title":{"rendered":"Minifiguren"},"content":{"rendered":"\n<p>Schon seit vielen Jahren faszinieren mich LEGO Minifiguren. Kaum ein Bauprojekt entsteht bei mir ohne sie \u2013 oft sind es gerade diese kleinen Figuren, die einem Modell Leben einhauchen und ihm Charakter verleihen.<\/p>\n\n\n\n<p>So habe ich begonnen, Minifiguren zu sammeln \u2013 vor allem solche aus dem Mittelalter, aus \u201eHerr der Ringe\u201c, \u201eDer Hobbit\u201c und \u00e4hnlichen Themenwelten. Einige von ihnen pr\u00e4sentiere ich in Vitrinen, w\u00e4hrend andere gut verstaut in einer Kiste auf ihren n\u00e4chsten Einsatz in einem neuen LEGO Modell warten.<\/p>\n\n\n\n<p>Damit das Sammeln nicht ausufert oder zu teuer wird, habe ich einen eigenen Ansatz entwickelt: Ich kaufe Minifiguren in gr\u00f6\u00dferen Posten \u2013 teilweise bunt gemischt und in unterschiedlichem Zustand. Anschlie\u00dfend setze ich sie wieder \u00abrichtig\u00bb zusammen, sortiere und wenn n\u00f6tig reinige ich sie. Irgendwie ist dies ein wiederbeleben der Figuren f\u00fcr neue Abendteuer.<\/p>\n\n\n\n<p>Einige besondere St\u00fccke behalte ich f\u00fcr meine eigene Sammlung, w\u00e4hrend ich andere weiterverkaufe.<\/p>\n\n\n\n<p>Auf diese Weise kann ich meine Sammlung kontinuierlich erweitern, immer wieder spannende oder neue Figuren entdecken und gleichzeitig andere Minifiguren-Fans mit meinen Funden begeistern.<\/p>\n\n\n\n<figure class=\"wp-block-image\"><img loading=\"lazy\" decoding=\"async\" width=\"1024\" height=\"768\" src=\"https:\/\/klemmbi.ch\/blog\/wp-content\/uploads\/2026\/04\/IMG_1398-1024x768.jpeg\" alt=\"Minifiguren in Vitrine\" class=\"wp-image-128\" srcset=\"https:\/\/klemmbi.ch\/blog\/wp-content\/uploads\/2026\/04\/IMG_1398-1024x768.jpeg 1024w, https:\/\/klemmbi.ch\/blog\/wp-content\/uploads\/2026\/04\/IMG_1398-300x225.jpeg 300w, https:\/\/klemmbi.ch\/blog\/wp-content\/uploads\/2026\/04\/IMG_1398-768x576.jpeg 768w, https:\/\/klemmbi.ch\/blog\/wp-content\/uploads\/2026\/04\/IMG_1398-1536x1152.jpeg 1536w, https:\/\/klemmbi.ch\/blog\/wp-content\/uploads\/2026\/04\/IMG_1398.jpeg 2016w\" sizes=\"auto, (max-width: 1024px) 100vw, 1024px\" \/><\/figure>\n","protected":false},"excerpt":{"rendered":"<p>Schon seit vielen Jahren faszinieren mich LEGO Minifiguren. Kaum ein Bauprojekt entsteht bei mir ohne sie \u2013 oft sind es gerade diese kleinen Figuren, die einem Modell Leben einhauchen und ihm Charakter verleihen. So habe ich begonnen, Minifiguren zu sammeln \u2013 vor allem solche aus dem Mittelalter, aus \u201eHerr der Ringe\u201c, \u201eDer Hobbit\u201c und \u00e4hnlichen [&hellip;]<\/p>\n","protected":false},"author":1,"featured_media":0,"parent":0,"menu_order":0,"comment_status":"closed","ping_status":"closed","template":"","meta":{"footnotes":""},"class_list":["post-130","page","type-page","status-publish","hentry"],"blocksy_meta":[],"yoast_head":"<!-- This site is optimized with the Yoast SEO plugin v27.4 - https:\/\/yoast.com\/product\/yoast-seo-wordpress\/ -->\n<title>Minifiguren - Klemmbi<\/title>\n<meta name=\"robots\" content=\"noindex, follow, max-snippet:-1, max-image-preview:large, max-video-preview:-1\" \/>\n<meta property=\"og:locale\" content=\"de_DE\" \/>\n<meta property=\"og:type\" content=\"article\" \/>\n<meta property=\"og:title\" content=\"Minifiguren - Klemmbi\" \/>\n<meta property=\"og:description\" content=\"Schon seit vielen Jahren faszinieren mich LEGO Minifiguren. Kaum ein Bauprojekt entsteht bei mir ohne sie \u2013 oft sind es gerade diese kleinen Figuren, die einem Modell Leben einhauchen und ihm Charakter verleihen. So habe ich begonnen, Minifiguren zu sammeln \u2013 vor allem solche aus dem Mittelalter, aus \u201eHerr der Ringe\u201c, \u201eDer Hobbit\u201c und \u00e4hnlichen [&hellip;]\" \/>\n<meta property=\"og:url\" content=\"https:\/\/klemmbi.ch\/blog\/minifiguren\/\" \/>\n<meta property=\"og:site_name\" content=\"Klemmbi\" \/>\n<meta property=\"article:modified_time\" content=\"2026-04-18T15:25:18+00:00\" \/>\n<meta property=\"og:image\" content=\"https:\/\/klemmbi.ch\/blog\/wp-content\/uploads\/2026\/04\/IMG_1398-1024x768.jpeg\" \/>\n<meta name=\"twitter:card\" content=\"summary_large_image\" \/>\n<meta name=\"twitter:label1\" content=\"Gesch\u00e4tzte Lesezeit\" \/>\n\t<meta name=\"twitter:data1\" content=\"2\u00a0Minuten\" \/>\n<script type=\"application\/ld+json\" class=\"yoast-schema-graph\">{\"@context\":\"https:\\\/\\\/schema.org\",\"@graph\":[{\"@type\":\"WebPage\",\"@id\":\"https:\\\/\\\/klemmbi.ch\\\/blog\\\/minifiguren\\\/\",\"url\":\"https:\\\/\\\/klemmbi.ch\\\/blog\\\/minifiguren\\\/\",\"name\":\"Minifiguren - Klemmbi\",\"isPartOf\":{\"@id\":\"https:\\\/\\\/klemmbi.ch\\\/blog\\\/#website\"},\"primaryImageOfPage\":{\"@id\":\"https:\\\/\\\/klemmbi.ch\\\/blog\\\/minifiguren\\\/#primaryimage\"},\"image\":{\"@id\":\"https:\\\/\\\/klemmbi.ch\\\/blog\\\/minifiguren\\\/#primaryimage\"},\"thumbnailUrl\":\"https:\\\/\\\/klemmbi.ch\\\/blog\\\/wp-content\\\/uploads\\\/2026\\\/04\\\/IMG_1398-1024x768.jpeg\",\"datePublished\":\"2026-04-18T15:25:16+00:00\",\"dateModified\":\"2026-04-18T15:25:18+00:00\",\"breadcrumb\":{\"@id\":\"https:\\\/\\\/klemmbi.ch\\\/blog\\\/minifiguren\\\/#breadcrumb\"},\"inLanguage\":\"de-CH\",\"potentialAction\":[{\"@type\":\"ReadAction\",\"target\":[\"https:\\\/\\\/klemmbi.ch\\\/blog\\\/minifiguren\\\/\"]}]},{\"@type\":\"ImageObject\",\"inLanguage\":\"de-CH\",\"@id\":\"https:\\\/\\\/klemmbi.ch\\\/blog\\\/minifiguren\\\/#primaryimage\",\"url\":\"https:\\\/\\\/klemmbi.ch\\\/blog\\\/wp-content\\\/uploads\\\/2026\\\/04\\\/IMG_1398.jpeg\",\"contentUrl\":\"https:\\\/\\\/klemmbi.ch\\\/blog\\\/wp-content\\\/uploads\\\/2026\\\/04\\\/IMG_1398.jpeg\",\"width\":2016,\"height\":1512,\"caption\":\"Minifiguren in Vitrine\"},{\"@type\":\"BreadcrumbList\",\"@id\":\"https:\\\/\\\/klemmbi.ch\\\/blog\\\/minifiguren\\\/#breadcrumb\",\"itemListElement\":[{\"@type\":\"ListItem\",\"position\":1,\"name\":\"Startseite\",\"item\":\"https:\\\/\\\/klemmbi.ch\\\/blog\\\/\"},{\"@type\":\"ListItem\",\"position\":2,\"name\":\"Minifiguren\"}]},{\"@type\":\"WebSite\",\"@id\":\"https:\\\/\\\/klemmbi.ch\\\/blog\\\/#website\",\"url\":\"https:\\\/\\\/klemmbi.ch\\\/blog\\\/\",\"name\":\"Klemmbi\",\"description\":\"\",\"publisher\":{\"@id\":\"https:\\\/\\\/klemmbi.ch\\\/blog\\\/#organization\"},\"potentialAction\":[{\"@type\":\"SearchAction\",\"target\":{\"@type\":\"EntryPoint\",\"urlTemplate\":\"https:\\\/\\\/klemmbi.ch\\\/blog\\\/?s={search_term_string}\"},\"query-input\":{\"@type\":\"PropertyValueSpecification\",\"valueRequired\":true,\"valueName\":\"search_term_string\"}}],\"inLanguage\":\"de-CH\"},{\"@type\":\"Organization\",\"@id\":\"https:\\\/\\\/klemmbi.ch\\\/blog\\\/#organization\",\"name\":\"Klemmbi\",\"url\":\"https:\\\/\\\/klemmbi.ch\\\/blog\\\/\",\"logo\":{\"@type\":\"ImageObject\",\"inLanguage\":\"de-CH\",\"@id\":\"https:\\\/\\\/klemmbi.ch\\\/blog\\\/#\\\/schema\\\/logo\\\/image\\\/\",\"url\":\"https:\\\/\\\/klemmbi.ch\\\/blog\\\/wp-content\\\/uploads\\\/2024\\\/09\\\/klemmbi-grau-scaled.jpg\",\"contentUrl\":\"https:\\\/\\\/klemmbi.ch\\\/blog\\\/wp-content\\\/uploads\\\/2024\\\/09\\\/klemmbi-grau-scaled.jpg\",\"width\":2560,\"height\":399,\"caption\":\"Klemmbi\"},\"image\":{\"@id\":\"https:\\\/\\\/klemmbi.ch\\\/blog\\\/#\\\/schema\\\/logo\\\/image\\\/\"}}]}<\/script>\n<!-- \/ Yoast SEO plugin. -->","yoast_head_json":{"title":"Minifiguren - Klemmbi","robots":{"index":"noindex","follow":"follow","max-snippet":"max-snippet:-1","max-image-preview":"max-image-preview:large","max-video-preview":"max-video-preview:-1"},"og_locale":"de_DE","og_type":"article","og_title":"Minifiguren - Klemmbi","og_description":"Schon seit vielen Jahren faszinieren mich LEGO Minifiguren. Kaum ein Bauprojekt entsteht bei mir ohne sie \u2013 oft sind es gerade diese kleinen Figuren, die einem Modell Leben einhauchen und ihm Charakter verleihen. So habe ich begonnen, Minifiguren zu sammeln \u2013 vor allem solche aus dem Mittelalter, aus \u201eHerr der Ringe\u201c, \u201eDer Hobbit\u201c und \u00e4hnlichen [&hellip;]","og_url":"https:\/\/klemmbi.ch\/blog\/minifiguren\/","og_site_name":"Klemmbi","article_modified_time":"2026-04-18T15:25:18+00:00","og_image":[{"url":"https:\/\/klemmbi.ch\/blog\/wp-content\/uploads\/2026\/04\/IMG_1398-1024x768.jpeg","type":"","width":"","height":""}],"twitter_card":"summary_large_image","twitter_misc":{"Gesch\u00e4tzte Lesezeit":"2\u00a0Minuten"},"schema":{"@context":"https:\/\/schema.org","@graph":[{"@type":"WebPage","@id":"https:\/\/klemmbi.ch\/blog\/minifiguren\/","url":"https:\/\/klemmbi.ch\/blog\/minifiguren\/","name":"Minifiguren - Klemmbi","isPartOf":{"@id":"https:\/\/klemmbi.ch\/blog\/#website"},"primaryImageOfPage":{"@id":"https:\/\/klemmbi.ch\/blog\/minifiguren\/#primaryimage"},"image":{"@id":"https:\/\/klemmbi.ch\/blog\/minifiguren\/#primaryimage"},"thumbnailUrl":"https:\/\/klemmbi.ch\/blog\/wp-content\/uploads\/2026\/04\/IMG_1398-1024x768.jpeg","datePublished":"2026-04-18T15:25:16+00:00","dateModified":"2026-04-18T15:25:18+00:00","breadcrumb":{"@id":"https:\/\/klemmbi.ch\/blog\/minifiguren\/#breadcrumb"},"inLanguage":"de-CH","potentialAction":[{"@type":"ReadAction","target":["https:\/\/klemmbi.ch\/blog\/minifiguren\/"]}]},{"@type":"ImageObject","inLanguage":"de-CH","@id":"https:\/\/klemmbi.ch\/blog\/minifiguren\/#primaryimage","url":"https:\/\/klemmbi.ch\/blog\/wp-content\/uploads\/2026\/04\/IMG_1398.jpeg","contentUrl":"https:\/\/klemmbi.ch\/blog\/wp-content\/uploads\/2026\/04\/IMG_1398.jpeg","width":2016,"height":1512,"caption":"Minifiguren in Vitrine"},{"@type":"BreadcrumbList","@id":"https:\/\/klemmbi.ch\/blog\/minifiguren\/#breadcrumb","itemListElement":[{"@type":"ListItem","position":1,"name":"Startseite","item":"https:\/\/klemmbi.ch\/blog\/"},{"@type":"ListItem","position":2,"name":"Minifiguren"}]},{"@type":"WebSite","@id":"https:\/\/klemmbi.ch\/blog\/#website","url":"https:\/\/klemmbi.ch\/blog\/","name":"Klemmbi","description":"","publisher":{"@id":"https:\/\/klemmbi.ch\/blog\/#organization"},"potentialAction":[{"@type":"SearchAction","target":{"@type":"EntryPoint","urlTemplate":"https:\/\/klemmbi.ch\/blog\/?s={search_term_string}"},"query-input":{"@type":"PropertyValueSpecification","valueRequired":true,"valueName":"search_term_string"}}],"inLanguage":"de-CH"},{"@type":"Organization","@id":"https:\/\/klemmbi.ch\/blog\/#organization","name":"Klemmbi","url":"https:\/\/klemmbi.ch\/blog\/","logo":{"@type":"ImageObject","inLanguage":"de-CH","@id":"https:\/\/klemmbi.ch\/blog\/#\/schema\/logo\/image\/","url":"https:\/\/klemmbi.ch\/blog\/wp-content\/uploads\/2024\/09\/klemmbi-grau-scaled.jpg","contentUrl":"https:\/\/klemmbi.ch\/blog\/wp-content\/uploads\/2024\/09\/klemmbi-grau-scaled.jpg","width":2560,"height":399,"caption":"Klemmbi"},"image":{"@id":"https:\/\/klemmbi.ch\/blog\/#\/schema\/logo\/image\/"}}]}},"_links":{"self":[{"href":"https:\/\/klemmbi.ch\/blog\/wp-json\/wp\/v2\/pages\/130","targetHints":{"allow":["GET"]}}],"collection":[{"href":"https:\/\/klemmbi.ch\/blog\/wp-json\/wp\/v2\/pages"}],"about":[{"href":"https:\/\/klemmbi.ch\/blog\/wp-json\/wp\/v2\/types\/page"}],"author":[{"embeddable":true,"href":"https:\/\/klemmbi.ch\/blog\/wp-json\/wp\/v2\/users\/1"}],"replies":[{"embeddable":true,"href":"https:\/\/klemmbi.ch\/blog\/wp-json\/wp\/v2\/comments?post=130"}],"version-history":[{"count":1,"href":"https:\/\/klemmbi.ch\/blog\/wp-json\/wp\/v2\/pages\/130\/revisions"}],"predecessor-version":[{"id":131,"href":"https:\/\/klemmbi.ch\/blog\/wp-json\/wp\/v2\/pages\/130\/revisions\/131"}],"wp:attachment":[{"href":"https:\/\/klemmbi.ch\/blog\/wp-json\/wp\/v2\/media?parent=130"}],"curies":[{"name":"wp","href":"https:\/\/api.w.org\/{rel}","templated":true}]}}